{"id":6010,"date":"2021-04-29T18:17:24","date_gmt":"2021-04-29T21:17:24","guid":{"rendered":"http:\/\/www2.amaerj.org.br\/premio\/register\/"},"modified":"2021-05-11T13:50:42","modified_gmt":"2021-05-11T16:50:42","slug":"register","status":"publish","type":"page","link":"https:\/\/www2.amaerj.org.br\/premio\/register\/","title":{"rendered":"Inscri\u00e7\u00e3o"},"content":{"rendered":"<p style=\"text-align: center;\"><span style=\"color: #ff0000;\">Caso ainda n\u00e3o tenha realizado seu cadastro no Portal, por favor informe os dados a seguir e clique em &#8220;Inscri\u00e7\u00e3o&#8221;.<\/span><\/p>\n<p style=\"text-align: center;\"><span style=\"color: #ff0000;\">Ap\u00f3s esse passo, acesse seu e-mail e clique sobre o link enviado para valida\u00e7\u00e3o de usu\u00e1rio, para ent\u00e3o realizar seu login.<\/span><\/p>\n<div class=\"iump-register-form ihc-register-14\"><form  method=\"post\"  name=\"createuser\" id=\"createuser\" class=\"ihc-form-create-edit\" enctype=\"multipart\/form-data\" ><div class=\"iump-form-line-register iump-form-text\" id=\"ihc_reg_text_4982\"><label class=\"iump-labels-register\"><span class=\"ihc-required-sign\">*<\/span>Nome completo<\/label><input type=\"text\" name=\"nome\"  class=\"\" value=\"\" placeholder=\"\"   \/><\/div><div class=\"iump-form-line-register iump-form-unique_value_text\" id=\"ihc_reg_unique_value_text_4192\"><label class=\"iump-labels-register\"><span class=\"ihc-required-sign\">*<\/span>CPF<\/label><input type=\"text\" data-search-unique=\"true\" onBlur=\"ihcCheckUniqueValueField('cpf');\" name=\"cpf\" id=\"cpf_unique\" class=\"cpf\" value=\"\" placeholder=\"\"   \/><\/div><div class=\"iump-form-line-register iump-form-text\" id=\"ihc_reg_text_5918\"><label class=\"iump-labels-register\"><span class=\"ihc-required-sign\">*<\/span>Telefone<\/label><input type=\"text\" name=\"phone\"  class=\"phone\" value=\"\" placeholder=\"\"   \/><\/div><div class=\"iump-form-line-register iump-form-text\" id=\"ihc_reg_text_6139\"><label class=\"iump-labels-register\"><span class=\"ihc-required-sign\">*<\/span>Celular<\/label><input type=\"text\" name=\"celular\"  class=\"phone\" value=\"\" placeholder=\"\"   \/><\/div><div class=\"iump-form-line-register iump-form-select\" id=\"ihc_reg_select_8867\"><label class=\"iump-labels-register\"><span class=\"ihc-required-sign\">*<\/span>Estado<\/label><select name=\"estado\"  class=\"iump-form-select \"   ><option value=\"AC\" >AC<\/option><option value=\"AL\" >AL<\/option><option value=\"AP\" >AP<\/option><option value=\"AM\" >AM<\/option><option value=\"BA\" >BA<\/option><option value=\"CE\" >CE<\/option><option value=\"DF\" >DF<\/option><option value=\"ES\" >ES<\/option><option value=\"GO\" >GO<\/option><option value=\"MA\" >MA<\/option><option value=\"MT\" >MT<\/option><option value=\"MS\" >MS<\/option><option value=\"MG\" >MG<\/option><option value=\"PA\" >PA<\/option><option value=\"PB\" >PB<\/option><option value=\"PR\" >PR<\/option><option value=\"PE\" >PE<\/option><option value=\"PI\" >PI<\/option><option value=\"RJ\" >RJ<\/option><option value=\"RN\" >RN<\/option><option value=\"RS\" >RS<\/option><option value=\"RO\" >RO<\/option><option value=\"RR\" >RR<\/option><option value=\"SC\" >SC<\/option><option value=\"SP\" >SP<\/option><option value=\"SE\" >SE<\/option><option value=\"TO\" >TO<\/option><\/select><\/div><div class=\"iump-form-line-register iump-form-text\" id=\"ihc_reg_text_4827\"><label class=\"iump-labels-register\"><span class=\"ihc-required-sign\">*<\/span>Email<\/label><input type=\"text\" name=\"user_email\"  class=\"\" value=\"\" placeholder=\"\"   \/><\/div><div class=\"iump-form-line-register iump-form-text\" id=\"ihc_reg_text_5183\"><label class=\"iump-labels-register\"><span class=\"ihc-required-sign\">*<\/span>Confirmar Email<\/label><input type=\"text\" name=\"confirm_email\"  class=\"\" value=\"\" placeholder=\"\"   \/><\/div><div class=\"iump-form-line-register iump-form-text\" id=\"ihc_reg_text_4995\"><label class=\"iump-labels-register\"><span class=\"ihc-required-sign\">*<\/span>Usu\u00e1rio<\/label><input type=\"text\" name=\"user_login\"  class=\"\" value=\"\" placeholder=\"\"   \/><\/div><div class=\"iump-form-line-register iump-form-password\" id=\"ihc_reg_password_8441\"><label class=\"iump-labels-register\"><span class=\"ihc-required-sign\">*<\/span>Senha<\/label><input type=\"password\" name=\"pass1\"  class=\"\" value=\"\" placeholder=\"\"  data-rules=\"6,1\"\/><div class=\"ihc-strength-wrapper\"><ul class=\"ihc-strength\"><li class=\"point\"><\/li><li class=\"point\"><\/li><li class=\"point\"><\/li><li class=\"point\"><\/li><li class=\"point\"><\/li><\/ul><div class=\"ihc-strength-label\"><\/div><\/div><\/div><div class=\"iump-form-line-register iump-form-password\" id=\"ihc_reg_password_9822\"><label class=\"iump-labels-register\"><span class=\"ihc-required-sign\">*<\/span>Confirmar Senha<\/label><input type=\"password\" name=\"pass2\"  class=\"\" value=\"\" placeholder=\"\"  data-rules=\"6,1\"\/><div class=\"ihc-strength-wrapper\"><ul class=\"ihc-strength\"><li class=\"point\"><\/li><li class=\"point\"><\/li><li class=\"point\"><\/li><li class=\"point\"><\/li><li class=\"point\"><\/li><\/ul><div class=\"ihc-strength-label\"><\/div><\/div><\/div><div class=\"iump-form-line-register iump-form-upload_image\" id=\"ihc_reg_upload_image_9881\"><label class=\"iump-labels-register\">Fotografia<\/label><style>\n\n.ihc-avatar-trigger .cropControls .cropControlUpload{\n\n}\n.ihc-avatar-trigger .cropControls .cropControlUpload:before{\n\n}\n.ihc-user-avatar-wrapp{\n    width: 150px;\n    height: 150px;\n}\n\n\n<\/style>\n\n<script>\njQuery( document ).ready( function(){\n    IhcAvatarCroppic.init({\n        triggerId\t\t\t\t\t           : 'js_ihc_trigger_avatar1234',\n        saveImageTarget\t\t           : 'https:\/\/www2.amaerj.org.br\/premio\/wp-content\/plugins\/indeed-membership-pro\/public\/ajax-upload.php',\n        cropImageTarget              : 'https:\/\/www2.amaerj.org.br\/premio\/wp-content\/plugins\/indeed-membership-pro\/public\/ajax-upload.php',\n        imageSelectorWrapper         : '.ihc-upload-image-wrapp',\n        hiddenInputSelector          : '[name=ihc_avatar]',\n        imageClass                   : 'ihc-member-photo',\n        removeImageSelector          : '#ihc_upload_image_remove_bttn_1234',\n\t\t    buttonId \t\t\t\t\t           : 'ihc-avatar-button',\n\t\t    buttonLabel \t\t\t           : 'Upload',\n    })\n})\n<\/script>\n<div class=\"ihc-upload-image-wrapper\">\n\n    <div class=\"ihc-upload-image-wrapp\" >\n                                    <div class=\"ihc-no-avatar ihc-member-photo\"><\/div>\n                            <div class=\"ihc-clear\"><\/div>\n    <\/div>\n    <div class=\"ihc-content-left\">\n    \t <div class=\"ihc-avatar-trigger\" id=\"js_ihc_trigger_avatar1234\" >\n         \t<div id=\"ihc-avatar-button\" class=\"ihc-upload-avatar\">Upload<\/div>\n         <\/div>\n        <span class=\"ihc-upload-image-remove-bttn\" id=\"ihc_upload_image_remove_bttn_1234\">Remove<\/span>\n    <\/div>\n    <input type=\"hidden\" value=\"\" name=\"ihc_avatar\" id=\"ihc_upload_hidden_1234\" data-new_user=\"1\" \/>\n\n    <\/div>\n<\/div><div class=\"ihc-tos-wrap\" id=\"ihc_tos_field_parent_814\">\n    <input type=\"checkbox\" value=\"1\" name=\"tos\" class=\"\" \/>\n    <a href=\"https:\/\/www2.amaerj.org.br\/premio\/member-tos-page\/\" target=\"_blank\">Seus dados ficar\u00e3o protegidos nos <b>termos e condi\u00e7\u00f5es<\/b> do Pr\u00eamio AMAERJ, em acordo com a Lei Geral de Prote\u00e7\u00e3o de Dados.<\/a>\n<\/div>\n<input type=\"hidden\" name=\"ihc_payment_gateway\" value=\"bank_transfer\" \/><input type=\"hidden\" name=\"ihcaction\"  class=\"\" value=\"register\"  \/><div class=\"iump-submit-form\"><div class=\"iump-register-row-left\"><input type=\"submit\" value=\"Inscri\u00e7\u00e3o\" name=\"Submit\" id=\"ihc_submit_bttn\" class=\"button button-primary button-large\"   \/><\/div><div class=\"iump-register-row-right\"><div class=\"ihc-login-link\"><a href=\"https:\/\/www2.amaerj.org.br\/premio\/member-login\/\">LogIn<\/a><\/div><\/div><div class=\"iump-clear\"><\/div><\/div><input type='hidden' name='ihc_user_add_edit_nonce' value='f1092a567e' \/><input type=\"hidden\" name=\"ihcFormType\" value=\"register\" \/><\/form><form method=\"post\" action=\"https:\/\/www2.amaerj.org.br\/premio\/wp-content\/plugins\/indeed-membership-pro\/public\/social_handler.php\" id=\"ihc_social_login_form\">\n    <input type=hidden name=ihc_current_url value='https%3A%2F%2Fwww2.amaerj.org.br%2Fpremio%2Fwp-json%2Fwp%2Fv2%2Fpages%2F6010' \/>\n    <input type=hidden name=sm_register value=1 \/>\n<\/form>\n<script>var ihc_req_fields_arr = [];jQuery(document).ready(function(){jQuery(\".ihc-form-create-edit [name=nome]\").on(\"blur\", function(){\n\t\t\t\t\t\t\tihcInscri\u00e7\u00e3oCheckViaAjax(\"nome\");\n\t\t\t\t\t\t});ihc_req_fields_arr.push(\"nome\");\n\t\t\t\t\tihc_req_fields_arr.push(\"cpf\");\n\t\t\t\t\tjQuery(\".ihc-form-create-edit [name=phone]\").on(\"blur\", function(){\n\t\t\t\t\t\t\tihcInscri\u00e7\u00e3oCheckViaAjax(\"phone\");\n\t\t\t\t\t\t});ihc_req_fields_arr.push(\"phone\");\n\t\t\t\t\tjQuery(\".ihc-form-create-edit [name=celular]\").on(\"blur\", function(){\n\t\t\t\t\t\t\tihcInscri\u00e7\u00e3oCheckViaAjax(\"celular\");\n\t\t\t\t\t\t});ihc_req_fields_arr.push(\"celular\");\n\t\t\t\t\tihc_req_fields_arr.push(\"estado\");\n\t\t\t\t\tjQuery(\".ihc-form-create-edit [name=user_email]\").on(\"blur\", function(){\n\t\t\t\t\t\t\tihcInscri\u00e7\u00e3oCheckViaAjax(\"user_email\");\n\t\t\t\t\t\t});ihc_req_fields_arr.push(\"user_email\");\n\t\t\t\t\tjQuery(\".ihc-form-create-edit [name=confirm_email]\").on(\"blur\", function(){\n\t\t\t\t\t\t\tihcInscri\u00e7\u00e3oCheckViaAjax(\"confirm_email\");\n\t\t\t\t\t\t});ihc_req_fields_arr.push(\"confirm_email\");\n\t\t\t\t\tjQuery(\".ihc-form-create-edit [name=user_login]\").on(\"blur\", function(){\n\t\t\t\t\t\t\tihcInscri\u00e7\u00e3oCheckViaAjax(\"user_login\");\n\t\t\t\t\t\t});ihc_req_fields_arr.push(\"user_login\");\n\t\t\t\t\tjQuery(\".ihc-form-create-edit [name=pass1]\").on(\"blur\", function(){\n\t\t\t\t\t\t\tihcInscri\u00e7\u00e3oCheckViaAjax(\"pass1\");\n\t\t\t\t\t\t});ihc_req_fields_arr.push(\"pass1\");\n\t\t\t\t\tjQuery(\".ihc-form-create-edit [name=pass2]\").on(\"blur\", function(){\n\t\t\t\t\t\t\tihcInscri\u00e7\u00e3oCheckViaAjax(\"pass2\");\n\t\t\t\t\t\t});ihc_req_fields_arr.push(\"pass2\");\n\t\t\t\t\tihc_req_fields_arr.push(\"tos\");\n\t\t\t\t\tjQuery(\".ihc-form-create-edit\").on(\"submit\", function() {\n\t\t\t\t\t\t\t\tif (window.must_submit==1){\n\t\t\t\t\t\t\t\t\twindow.must_submit = 0;\n\t\t\t\t\t\t\t\t\treturn true;\n\t\t\t\t\t\t\t\t} else {\n\t\t\t\t\t\t\t\t\tihcInscri\u00e7\u00e3oCheckViaAjaxRec(ihc_req_fields_arr);\n\t\t\t\t\t\t\t\t\treturn false;\n\t\t\t\t\t\t\t\t}\n\t\t\t\t\t\t\t});});<\/script><\/div>\n","protected":false},"excerpt":{"rendered":"<p>Caso ainda n\u00e3o tenha realizado seu cadastro no Portal, por favor informe os dados a seguir e clique em &#8220;Inscri\u00e7\u00e3o&#8221;. Ap\u00f3s esse passo, acesse seu e-mail e clique sobre o link enviado para valida\u00e7\u00e3o de usu\u00e1rio, para ent\u00e3o realizar seu login.<\/p>\n","protected":false},"author":1,"featured_media":0,"parent":0,"menu_order":0,"comment_status":"closed","ping_status":"closed","template":"","meta":[],"_links":{"self":[{"href":"https:\/\/www2.amaerj.org.br\/premio\/wp-json\/wp\/v2\/pages\/6010"}],"collection":[{"href":"https:\/\/www2.amaerj.org.br\/premio\/wp-json\/wp\/v2\/pages"}],"about":[{"href":"https:\/\/www2.amaerj.org.br\/premio\/wp-json\/wp\/v2\/types\/page"}],"author":[{"embeddable":true,"href":"https:\/\/www2.amaerj.org.br\/premio\/wp-json\/wp\/v2\/users\/1"}],"replies":[{"embeddable":true,"href":"https:\/\/www2.amaerj.org.br\/premio\/wp-json\/wp\/v2\/comments?post=6010"}],"version-history":[{"count":6,"href":"https:\/\/www2.amaerj.org.br\/premio\/wp-json\/wp\/v2\/pages\/6010\/revisions"}],"predecessor-version":[{"id":6063,"href":"https:\/\/www2.amaerj.org.br\/premio\/wp-json\/wp\/v2\/pages\/6010\/revisions\/6063"}],"wp:attachment":[{"href":"https:\/\/www2.amaerj.org.br\/premio\/wp-json\/wp\/v2\/media?parent=6010"}],"curies":[{"name":"wp","href":"https:\/\/api.w.org\/{rel}","templated":true}]}}