{"id":6008,"date":"2021-04-29T18:17:24","date_gmt":"2021-04-29T21:17:24","guid":{"rendered":"http:\/\/www2.amaerj.org.br\/premio\/member-login\/"},"modified":"2021-05-11T14:01:36","modified_gmt":"2021-05-11T17:01:36","slug":"member-login","status":"publish","type":"page","link":"https:\/\/www2.amaerj.org.br\/premio\/member-login\/","title":{"rendered":"Login"},"content":{"rendered":"<p style=\"text-align: center;\"><span style=\"color: #ff0000;\">Caso ainda n\u00e3o tenha realizado seu cadastro no Portal, por favor clique abaixo no bot\u00e3o &#8220;Inscri\u00e7\u00e3o&#8221; e efetue seu cadastro primeiramente.<\/span><\/p>\n<div class=\"ihc-login-form-wrap ihc-login-template-13\"><form method=\"post\" id=\"ihc_login_form\"><input type=\"hidden\" name=\"ihcaction\" value=\"login\" \/><input type=\"hidden\" name=\"ihc_login_nonce\" value=\"b9c816acc0\" \/><div class=\"impu-form-line-fr\"><span class=\"impu-form-label-fr impu-form-label-Usu\u00e1rio\">Usu\u00e1rio ou Email<\/span><input type=\"text\" value=\"\" id=\"iump_login_Usu\u00e1rio\" name=\"log\" \/><\/div><div class=\"impu-form-line-fr\"><span class=\"impu-form-label-fr impu-form-label-pass\">Senha<\/span><input type=\"password\" value=\"\" id=\"iump_login_password\" name=\"pwd\" \/><\/div><div class=\"impu-temp5-row\"><div class=\"impu-remember-wrapper\"><input type=\"checkbox\" value=\"forever\" name=\"rememberme\" class=\"impu-form-input-remember\" \/><span class=\"impu-form-label-fr impu-form-label-remember\">Mantenha-me conectado<\/span> <\/div><\/div><div class=\"impu-temp5-row\"><div class=\"impu-temp5-row-left\"><div class=\"impu-form-submit\"><input type=\"submit\" value=\"Log In\" name=\"Submit\" \/><\/div><\/div><div class=\"impu-temp5-row-right\"><div class=\"ihc-register-link\"><a href=\"https:\/\/www2.amaerj.org.br\/premio\/register\/\">Inscri\u00e7\u00e3o<\/a><\/div><\/div><div class=\"iump-clear\"><\/div><\/div><div class=\"impu-temp5-row\"><div class=\"impu-form-links-pass\"><a href=\"https:\/\/www2.amaerj.org.br\/premio\/lost-password\/\">Perdeu sua senha?<\/a><\/div><\/div><\/form><\/div><script>\n\t\tjQuery(document).ready(\n\t\t\tfunction(){\n\t\t\t\tjQuery('#iump_login_Usu\u00e1rio').on('blur', function(){\n\t\t\t\t\tihcCheckLoginField('log', 'Por favor complete todos os campos obrigat\u00f3rios!');\n\t\t\t\t});\n\t\t\t\tjQuery('#iump_login_password').on('blur', function(){\n\t\t\t\t\tihcCheckLoginField('pwd', 'Por favor complete todos os campos obrigat\u00f3rios!');\n\t\t\t\t});\n\t\t\t\tjQuery('#ihc_login_form').on('submit', function(e){\n\t\t\t\t\te.preventDefault();\n\t\t\t\t\tvar u = jQuery('#ihc_login_form [name=log]').val();\n\t\t\t\t\tvar p = jQuery('#ihc_login_form [name=pwd]').val();\n\t\t\t\t\tif (u!='' && p!=''){\n\t\t\t\t\t\tjQuery('#ihc_login_form').unbind('submit').submit();\n\t\t\t\t\t} else {\n\t\t\t\t\t\tihcCheckLoginField('log', 'Por favor complete todos os campos obrigat\u00f3rios!');\n\t\t\t\t\t\tihcCheckLoginField('pwd', 'Por favor complete todos os campos obrigat\u00f3rios!');\n\t\t\t\t\t\treturn FALSE;\n\t\t\t\t\t}\n\t\t\t\t});\n\t\t\t}\n\t\t);\n\t<\/script>\n","protected":false},"excerpt":{"rendered":"<p>Caso ainda n\u00e3o tenha realizado seu cadastro no Portal, por favor clique abaixo no bot\u00e3o &#8220;Inscri\u00e7\u00e3o&#8221; e efetue seu cadastro primeiramente.<\/p>\n","protected":false},"author":1,"featured_media":0,"parent":0,"menu_order":0,"comment_status":"closed","ping_status":"closed","template":"","meta":[],"_links":{"self":[{"href":"https:\/\/www2.amaerj.org.br\/premio\/wp-json\/wp\/v2\/pages\/6008"}],"collection":[{"href":"https:\/\/www2.amaerj.org.br\/premio\/wp-json\/wp\/v2\/pages"}],"about":[{"href":"https:\/\/www2.amaerj.org.br\/premio\/wp-json\/wp\/v2\/types\/page"}],"author":[{"embeddable":true,"href":"https:\/\/www2.amaerj.org.br\/premio\/wp-json\/wp\/v2\/users\/1"}],"replies":[{"embeddable":true,"href":"https:\/\/www2.amaerj.org.br\/premio\/wp-json\/wp\/v2\/comments?post=6008"}],"version-history":[{"count":5,"href":"https:\/\/www2.amaerj.org.br\/premio\/wp-json\/wp\/v2\/pages\/6008\/revisions"}],"predecessor-version":[{"id":6064,"href":"https:\/\/www2.amaerj.org.br\/premio\/wp-json\/wp\/v2\/pages\/6008\/revisions\/6064"}],"wp:attachment":[{"href":"https:\/\/www2.amaerj.org.br\/premio\/wp-json\/wp\/v2\/media?parent=6008"}],"curies":[{"name":"wp","href":"https:\/\/api.w.org\/{rel}","templated":true}]}}