{"id":5870,"date":"2021-04-29T13:13:38","date_gmt":"2021-04-29T16:13:38","guid":{"rendered":"http:\/\/www2.amaerj.org.br\/premio\/?page_id=5870"},"modified":"2021-04-29T13:18:45","modified_gmt":"2021-04-29T16:18:45","slug":"audio","status":"publish","type":"page","link":"https:\/\/www2.amaerj.org.br\/premio\/audio\/","title":{"rendered":"\u00c1udio"},"content":{"rendered":"\t\t<div data-elementor-type=\"wp-page\" data-elementor-id=\"5870\" class=\"elementor elementor-5870\">\n\t\t\t\t\t\t\t\t\t<section class=\"has_eae_slider elementor-section elementor-top-section elementor-element elementor-element-b9c821c elementor-section-boxed elementor-section-height-default elementor-section-height-default\" data-id=\"b9c821c\" data-element_type=\"section\">\n\t\t\t\t\t\t<div class=\"elementor-container elementor-column-gap-default\">\n\t\t\t\t\t<div class=\"has_eae_slider elementor-column elementor-col-66 elementor-top-column elementor-element elementor-element-0eef2c4\" data-id=\"0eef2c4\" data-element_type=\"column\">\n\t\t\t<div class=\"elementor-widget-wrap elementor-element-populated\">\n\t\t\t\t\t\t\t\t<div class=\"elementor-element elementor-element-1618287 elementor-widget elementor-widget-text-editor\" data-id=\"1618287\" data-element_type=\"widget\" data-widget_type=\"text-editor.default\">\n\t\t\t\t<div class=\"elementor-widget-container\">\n\t\t\t<style>\/*! elementor - v3.13.3 - 28-05-2023 *\/\n.elementor-widget-text-editor.elementor-drop-cap-view-stacked .elementor-drop-cap{background-color:#69727d;color:#fff}.elementor-widget-text-editor.elementor-drop-cap-view-framed .elementor-drop-cap{color:#69727d;border:3px solid;background-color:transparent}.elementor-widget-text-editor:not(.elementor-drop-cap-view-default) .elementor-drop-cap{margin-top:8px}.elementor-widget-text-editor:not(.elementor-drop-cap-view-default) .elementor-drop-cap-letter{width:1em;height:1em}.elementor-widget-text-editor .elementor-drop-cap{float:left;text-align:center;line-height:1;font-size:50px}.elementor-widget-text-editor .elementor-drop-cap-letter{display:inline-block}<\/style>\t\t\t\t<p>Em breve teremos novos conte\u00fados nesta se\u00e7\u00e3o.<\/p>\t\t\t\t\t\t<\/div>\n\t\t\t\t<\/div>\n\t\t\t\t\t<\/div>\n\t\t<\/div>\n\t\t\t\t<div class=\"has_eae_slider elementor-column elementor-col-33 elementor-top-column elementor-element elementor-element-7632787\" data-id=\"7632787\" data-element_type=\"column\">\n\t\t\t<div class=\"elementor-widget-wrap elementor-element-populated\">\n\t\t\t\t\t\t\t\t<section class=\"has_eae_slider elementor-section elementor-inner-section elementor-element elementor-element-7f8f029 elementor-section-boxed elementor-section-height-default elementor-section-height-default\" data-id=\"7f8f029\" data-element_type=\"section\">\n\t\t\t\t\t\t<div class=\"elementor-container elementor-column-gap-default\">\n\t\t\t\t\t<div data-wts-url=\"https:\/\/www2.amaerj.org.br\/premio\/regulamento\/\" data-wts-link=\"yes\" data-wts-new-window=\"\" class=\"has_eae_slider elementor-column elementor-col-100 elementor-inner-column elementor-element elementor-element-1e0ec42 ae-link-yes\" data-id=\"1e0ec42\" data-element_type=\"column\">\n\t\t\t<div class=\"elementor-widget-wrap\">\n\t\t\t\t\t\t\t\t\t<\/div>\n\t\t<\/div>\n\t\t\t\t\t\t\t<\/div>\n\t\t<\/section>\n\t\t\t\t<section class=\"has_eae_slider elementor-section elementor-inner-section elementor-element elementor-element-cc9e3b4 elementor-section-boxed elementor-section-height-default elementor-section-height-default\" data-id=\"cc9e3b4\" data-element_type=\"section\">\n\t\t\t\t\t\t<div class=\"elementor-container elementor-column-gap-default\">\n\t\t\t\t\t<div data-wts-url=\"https:\/\/www2.amaerj.org.br\/premio\/apresentacao\/\" data-wts-link=\"yes\" data-wts-new-window=\"\" class=\"has_eae_slider elementor-column elementor-col-100 elementor-inner-column elementor-element elementor-element-a4e1d23 ae-link-yes\" data-id=\"a4e1d23\" data-element_type=\"column\">\n\t\t\t<div class=\"elementor-widget-wrap\">\n\t\t\t\t\t\t\t\t\t<\/div>\n\t\t<\/div>\n\t\t\t\t\t\t\t<\/div>\n\t\t<\/section>\n\t\t\t\t<section class=\"has_eae_slider elementor-section elementor-inner-section elementor-element elementor-element-5fc995b elementor-section-boxed elementor-section-height-default elementor-section-height-default\" data-id=\"5fc995b\" data-element_type=\"section\">\n\t\t\t\t\t\t<div class=\"elementor-container elementor-column-gap-default\">\n\t\t\t\t\t<div data-wts-url=\"https:\/\/www2.amaerj.org.br\/premio\/categorias\/\" data-wts-link=\"yes\" data-wts-new-window=\"\" class=\"has_eae_slider elementor-column elementor-col-100 elementor-inner-column elementor-element elementor-element-41f2047 ae-link-yes\" data-id=\"41f2047\" data-element_type=\"column\">\n\t\t\t<div class=\"elementor-widget-wrap\">\n\t\t\t\t\t\t\t\t\t<\/div>\n\t\t<\/div>\n\t\t\t\t\t\t\t<\/div>\n\t\t<\/section>\n\t\t\t\t<section class=\"has_eae_slider elementor-section elementor-inner-section elementor-element elementor-element-b49ffbb elementor-section-boxed elementor-section-height-default elementor-section-height-default\" data-id=\"b49ffbb\" data-element_type=\"section\">\n\t\t\t\t\t\t<div class=\"elementor-container elementor-column-gap-default\">\n\t\t\t\t\t<div data-wts-url=\"https:\/\/www2.amaerj.org.br\/premio\/premiacoes\/\" data-wts-link=\"yes\" data-wts-new-window=\"\" class=\"has_eae_slider elementor-column elementor-col-100 elementor-inner-column elementor-element elementor-element-21d0657 ae-link-yes\" data-id=\"21d0657\" data-element_type=\"column\">\n\t\t\t<div class=\"elementor-widget-wrap\">\n\t\t\t\t\t\t\t\t\t<\/div>\n\t\t<\/div>\n\t\t\t\t\t\t\t<\/div>\n\t\t<\/section>\n\t\t\t\t<section class=\"has_eae_slider elementor-section elementor-inner-section elementor-element elementor-element-6e5f271 elementor-section-boxed elementor-section-height-default elementor-section-height-default\" data-id=\"6e5f271\" data-element_type=\"section\">\n\t\t\t\t\t\t<div class=\"elementor-container elementor-column-gap-default\">\n\t\t\t\t\t<div data-wts-url=\"https:\/\/www2.amaerj.org.br\/premio\/comissao-julgadora\/\" data-wts-link=\"yes\" data-wts-new-window=\"\" class=\"has_eae_slider elementor-column elementor-col-100 elementor-inner-column elementor-element elementor-element-72b511b ae-link-yes\" data-id=\"72b511b\" data-element_type=\"column\">\n\t\t\t<div class=\"elementor-widget-wrap\">\n\t\t\t\t\t\t\t\t\t<\/div>\n\t\t<\/div>\n\t\t\t\t\t\t\t<\/div>\n\t\t<\/section>\n\t\t\t\t<section class=\"has_eae_slider elementor-section elementor-inner-section elementor-element elementor-element-0eca88c elementor-section-boxed elementor-section-height-default elementor-section-height-default\" data-id=\"0eca88c\" data-element_type=\"section\">\n\t\t\t\t\t\t<div class=\"elementor-container elementor-column-gap-default\">\n\t\t\t\t\t<div data-wts-url=\"https:\/\/www2.amaerj.org.br\/premio\/equipe\/\" data-wts-link=\"yes\" data-wts-new-window=\"\" class=\"has_eae_slider elementor-column elementor-col-100 elementor-inner-column elementor-element elementor-element-0aaa1c3 ae-link-yes\" data-id=\"0aaa1c3\" data-element_type=\"column\">\n\t\t\t<div class=\"elementor-widget-wrap\">\n\t\t\t\t\t\t\t\t\t<\/div>\n\t\t<\/div>\n\t\t\t\t\t\t\t<\/div>\n\t\t<\/section>\n\t\t\t\t<section class=\"has_eae_slider elementor-section elementor-inner-section elementor-element elementor-element-3d5fa82 elementor-section-boxed elementor-section-height-default elementor-section-height-default\" data-id=\"3d5fa82\" data-element_type=\"section\">\n\t\t\t\t\t\t<div class=\"elementor-container elementor-column-gap-default\">\n\t\t\t\t\t<div data-wts-url=\"https:\/\/www2.amaerj.org.br\/premio\/edicoes-anteriores\/\" data-wts-link=\"yes\" data-wts-new-window=\"\" class=\"has_eae_slider elementor-column elementor-col-100 elementor-inner-column elementor-element elementor-element-21e071e ae-link-yes\" data-id=\"21e071e\" data-element_type=\"column\">\n\t\t\t<div class=\"elementor-widget-wrap\">\n\t\t\t\t\t\t\t\t\t<\/div>\n\t\t<\/div>\n\t\t\t\t\t\t\t<\/div>\n\t\t<\/section>\n\t\t\t\t<section class=\"has_eae_slider elementor-section elementor-inner-section elementor-element elementor-element-a5f5aa7 elementor-section-boxed elementor-section-height-default elementor-section-height-default\" data-id=\"a5f5aa7\" data-element_type=\"section\">\n\t\t\t\t\t\t<div class=\"elementor-container elementor-column-gap-default\">\n\t\t\t\t\t<div data-wts-url=\"https:\/\/www2.amaerj.org.br\/premio\/patricia-acioli\/\" data-wts-link=\"yes\" data-wts-new-window=\"\" class=\"has_eae_slider elementor-column elementor-col-100 elementor-inner-column elementor-element elementor-element-0e37e02 ae-link-yes\" data-id=\"0e37e02\" data-element_type=\"column\">\n\t\t\t<div class=\"elementor-widget-wrap\">\n\t\t\t\t\t\t\t\t\t<\/div>\n\t\t<\/div>\n\t\t\t\t\t\t\t<\/div>\n\t\t<\/section>\n\t\t\t\t<section class=\"has_eae_slider elementor-section elementor-inner-section elementor-element elementor-element-5dc393d elementor-section-boxed elementor-section-height-default elementor-section-height-default\" data-id=\"5dc393d\" data-element_type=\"section\">\n\t\t\t\t\t\t<div class=\"elementor-container elementor-column-gap-default\">\n\t\t\t\t\t<div data-wts-url=\"https:\/\/www2.amaerj.org.br\/premio\/patricia-acioli\/\" data-wts-link=\"yes\" data-wts-new-window=\"\" class=\"has_eae_slider elementor-column elementor-col-100 elementor-inner-column elementor-element elementor-element-791d8d0 ae-link-yes\" data-id=\"791d8d0\" data-element_type=\"column\">\n\t\t\t<div class=\"elementor-widget-wrap\">\n\t\t\t\t\t\t\t\t\t<\/div>\n\t\t<\/div>\n\t\t\t\t\t\t\t<\/div>\n\t\t<\/section>\n\t\t\t\t\t<\/div>\n\t\t<\/div>\n\t\t\t\t\t\t\t<\/div>\n\t\t<\/section>\n\t\t\t\t\t\t\t<\/div>\n\t\t","protected":false},"excerpt":{"rendered":"<p>Em breve teremos novos conte\u00fados nesta se\u00e7\u00e3o. Regulamento Regras e Regulamenta\u00e7\u00e3o Apresenta\u00e7\u00e3o Detalhes do Pr\u00eamio Categorias Conhe\u00e7a as Op\u00e7\u00f5es Premia\u00e7\u00f5es Quais s\u00e3o os Pr\u00eamios Comiss\u00e3o Julgadora Conhe\u00e7a os Membros Equipe Conhe\u00e7a os Membros Edi\u00e7\u00f5es Anteriores Anos Anteriores Patr\u00edcia Acioli Conhe\u00e7a a Hist\u00f3ria REGULAMENTO Pr\u00e1ticas Human\u00edsticas, Trabalhos Acad\u00eamicos, Reportagens Jornal\u00edsticas e Trabalhos dos Magistrados s\u00e3o as [&hellip;]<\/p>\n","protected":false},"author":1,"featured_media":0,"parent":0,"menu_order":0,"comment_status":"closed","ping_status":"closed","template":"","meta":[],"_links":{"self":[{"href":"https:\/\/www2.amaerj.org.br\/premio\/wp-json\/wp\/v2\/pages\/5870"}],"collection":[{"href":"https:\/\/www2.amaerj.org.br\/premio\/wp-json\/wp\/v2\/pages"}],"about":[{"href":"https:\/\/www2.amaerj.org.br\/premio\/wp-json\/wp\/v2\/types\/page"}],"author":[{"embeddable":true,"href":"https:\/\/www2.amaerj.org.br\/premio\/wp-json\/wp\/v2\/users\/1"}],"replies":[{"embeddable":true,"href":"https:\/\/www2.amaerj.org.br\/premio\/wp-json\/wp\/v2\/comments?post=5870"}],"version-history":[{"count":7,"href":"https:\/\/www2.amaerj.org.br\/premio\/wp-json\/wp\/v2\/pages\/5870\/revisions"}],"predecessor-version":[{"id":5882,"href":"https:\/\/www2.amaerj.org.br\/premio\/wp-json\/wp\/v2\/pages\/5870\/revisions\/5882"}],"wp:attachment":[{"href":"https:\/\/www2.amaerj.org.br\/premio\/wp-json\/wp\/v2\/media?parent=5870"}],"curies":[{"name":"wp","href":"https:\/\/api.w.org\/{rel}","templated":true}]}}