{"id":4691,"date":"2021-04-28T18:01:06","date_gmt":"2021-04-28T21:01:06","guid":{"rendered":"http:\/\/www2.amaerj.org.br\/premio\/?page_id=4691"},"modified":"2021-04-29T09:52:51","modified_gmt":"2021-04-29T12:52:51","slug":"patricia-acioli","status":"publish","type":"page","link":"https:\/\/www2.amaerj.org.br\/premio\/patricia-acioli\/","title":{"rendered":"Patr\u00edcia Acioli"},"content":{"rendered":"\t\t<div data-elementor-type=\"wp-page\" data-elementor-id=\"4691\" class=\"elementor elementor-4691\">\n\t\t\t\t\t\t\t\t\t<section class=\"has_eae_slider elementor-section elementor-top-section elementor-element elementor-element-40fedcc3 elementor-section-boxed elementor-section-height-default elementor-section-height-default\" data-id=\"40fedcc3\" data-element_type=\"section\">\n\t\t\t\t\t\t<div class=\"elementor-container elementor-column-gap-default\">\n\t\t\t\t\t<div class=\"has_eae_slider elementor-column elementor-col-66 elementor-top-column elementor-element elementor-element-58e2ba3\" data-id=\"58e2ba3\" data-element_type=\"column\">\n\t\t\t<div class=\"elementor-widget-wrap elementor-element-populated\">\n\t\t\t\t\t\t\t\t<div class=\"elementor-element elementor-element-569523b elementor-widget elementor-widget-image\" data-id=\"569523b\" data-element_type=\"widget\" data-widget_type=\"image.default\">\n\t\t\t\t<div class=\"elementor-widget-container\">\n\t\t\t<style>\/*! elementor - v3.13.3 - 28-05-2023 *\/\n.elementor-widget-image{text-align:center}.elementor-widget-image a{display:inline-block}.elementor-widget-image a img[src$=\".svg\"]{width:48px}.elementor-widget-image img{vertical-align:middle;display:inline-block}<\/style>\t\t\t\t\t\t\t\t\t<figure class=\"wp-caption\">\n\t\t\t\t\t\t\t\t\t\t<img decoding=\"async\" width=\"620\" height=\"349\" src=\"https:\/\/www2.amaerj.org.br\/premio\/wp-content\/uploads\/2021\/04\/juiza-patricia-acioli-19970228-02-original2.jpeg\" class=\"attachment-large size-large wp-image-4851\" alt=\"\" srcset=\"https:\/\/www2.amaerj.org.br\/premio\/wp-content\/uploads\/2021\/04\/juiza-patricia-acioli-19970228-02-original2.jpeg 620w, https:\/\/www2.amaerj.org.br\/premio\/wp-content\/uploads\/2021\/04\/juiza-patricia-acioli-19970228-02-original2-300x169.jpeg 300w\" sizes=\"(max-width: 620px) 100vw, 620px\" \/>\t\t\t\t\t\t\t\t\t\t\t<figcaption class=\"widget-image-caption wp-caption-text\">Foto: Frederico Rozario\/Ag\u00eancia O Globo\/VEJA<\/figcaption>\n\t\t\t\t\t\t\t\t\t\t<\/figure>\n\t\t\t\t\t\t\t\t\t<\/div>\n\t\t\t\t<\/div>\n\t\t\t\t<div class=\"elementor-element elementor-element-82c73c9 elementor-widget elementor-widget-text-editor\" data-id=\"82c73c9\" data-element_type=\"widget\" data-widget_type=\"text-editor.default\">\n\t\t\t\t<div class=\"elementor-widget-container\">\n\t\t\t<style>\/*! elementor - v3.13.3 - 28-05-2023 *\/\n.elementor-widget-text-editor.elementor-drop-cap-view-stacked .elementor-drop-cap{background-color:#69727d;color:#fff}.elementor-widget-text-editor.elementor-drop-cap-view-framed .elementor-drop-cap{color:#69727d;border:3px solid;background-color:transparent}.elementor-widget-text-editor:not(.elementor-drop-cap-view-default) .elementor-drop-cap{margin-top:8px}.elementor-widget-text-editor:not(.elementor-drop-cap-view-default) .elementor-drop-cap-letter{width:1em;height:1em}.elementor-widget-text-editor .elementor-drop-cap{float:left;text-align:center;line-height:1;font-size:50px}.elementor-widget-text-editor .elementor-drop-cap-letter{display:inline-block}<\/style>\t\t\t\t<p>Coragem e determina\u00e7\u00e3o foram marcas constantes do desempenho da ju\u00edza lembrada pelo Pr\u00eamio. Defensora dos Direitos Humanos, Patr\u00edcia Acioli mereceu o reconhecimento tanto de seus pares como de governantes pelo seu trabalho na conten\u00e7\u00e3o da viol\u00eancia policial e postura combativa diante da corrup\u00e7\u00e3o de agentes p\u00fablicos.<\/p><p>Patr\u00edcia Acioli foi defensora p\u00fablica, posteriormente prestou concurso para a Magistratura do Estado do Rio de Janeiro e, desde 1999, era ju\u00edza na 4\u00aa Vara Criminal de S\u00e3o Gon\u00e7alo, no Rio de Janeiro. Por conta de sua atitude firme na avalia\u00e7\u00e3o das provas, buscando efetiva aplica\u00e7\u00e3o da lei, recebeu, ao longo de sua carreira, diversas amea\u00e7as de morte. A ju\u00edza tamb\u00e9m lecionou Direito Civil no Centro Universit\u00e1rio Augusto Motta, na d\u00e9cada de 1990.<\/p><p>Na noite de 11 de agosto de 2011, a ju\u00edza Patr\u00edcia Acioli retornava do trabalho, no f\u00f3rum de S\u00e3o Gon\u00e7alo. Ao chegar \u00e0 porta de sua resid\u00eancia, no bairro de Piratininga, Niter\u00f3i, seu carro foi alvejado por dois motociclistas mascarados. Ela morreu imediatamente em consequ\u00eancia dos 21 disparos de armas de fogo cujas c\u00e1psulas de muni\u00e7\u00e3o pertenciam ao 7\u00ba\u00a0Batalh\u00e3o da Pol\u00edcia Militar de S\u00e3o Gon\u00e7alo. Dias antes do assassinato, a ju\u00edza havia decretado a pris\u00e3o de oito policiais militares por suposto envolvimento com o crime organizado. Patr\u00edcia Acioli, de 47 anos de idade, \u00a0n\u00e3o tinha prote\u00e7\u00e3o policial e, algumas horas antes de morrer, havia expedido tr\u00eas mandados de pris\u00e3o contra dois PMs, r\u00e9us em um processo sobre a morte de um morador do morro do Salgueiro, em S\u00e3o Gon\u00e7alo.<\/p><p>De acordo com a Delegacia de Homic\u00eddios do Rio de Janeiro, dois policiais militares foram respons\u00e1veis pelos disparos que mataram a ju\u00edza: o cabo S\u00e9rgio Costa J\u00fanior e o tenente Daniel Benitez Lopes, que seria o mentor intelectual do crime, a mando do tenente-coronel Cl\u00e1udio Oliveira.\u00a0J\u00e1 foram condenados cinco r\u00e9us.<\/p><p>\u201cUm ataque ao governo brasileiro e \u00e0 democracia\u201d. Essa foi a rea\u00e7\u00e3o do ent\u00e3o presidente do Supremo Tribunal Federal, Cesar Peluzo que, \u00e0 \u00e9poca, ordenou a investiga\u00e7\u00e3o do crime pela Pol\u00edcia Federal. O ent\u00e3o presidente nacional da Ordem dos Advogados do Brasil (OAB), Ophir Cavalcante, afirmou que o assassinato foi \u201cUma barbaridade contra um ser humano e, sobretudo, contra a justi\u00e7a brasileira e o estado de Direito\u201d.<\/p><p><Forte>Homenagens:\u00a0<\/Forte>Em 2012, um ano ap\u00f3s o assassinato da ju\u00edza Patr\u00edcia Acioli, houve diversas homenagens. A AMAERJ, com o apoio do Tribunal de Justi\u00e7a do Estado do Rio de Janeiro, criou o Pr\u00eamio Ju\u00edza Patr\u00edcia Acioli de Direitos Humanos.\u00a0Em Niter\u00f3i, na praia de Icara\u00ed, foi fincada uma placa de bronze com a frase: \u201cEm mem\u00f3ria da corajosa brasileira que, em dias de menosprezo da vida e impunidade, combateu com autonomia o crime organizado no Rio de Janeiro\u201d.\u00a0<\/p>\t\t\t\t\t\t<\/div>\n\t\t\t\t<\/div>\n\t\t\t\t<div class=\"elementor-element elementor-element-e0dc036 elementor-widget elementor-widget-image\" data-id=\"e0dc036\" data-element_type=\"widget\" data-widget_type=\"image.default\">\n\t\t\t\t<div class=\"elementor-widget-container\">\n\t\t\t\t\t\t\t\t\t\t\t\t\t\t\t<img decoding=\"async\" width=\"458\" height=\"342\" src=\"https:\/\/www2.amaerj.org.br\/premio\/wp-content\/uploads\/2021\/04\/placapatricia.jpg\" class=\"attachment-large size-large wp-image-4860\" alt=\"\" srcset=\"https:\/\/www2.amaerj.org.br\/premio\/wp-content\/uploads\/2021\/04\/placapatricia.jpg 458w, https:\/\/www2.amaerj.org.br\/premio\/wp-content\/uploads\/2021\/04\/placapatricia-300x224.jpg 300w\" sizes=\"(max-width: 458px) 100vw, 458px\" \/>\t\t\t\t\t\t\t\t\t\t\t\t\t\t\t<\/div>\n\t\t\t\t<\/div>\n\t\t\t\t\t<\/div>\n\t\t<\/div>\n\t\t\t\t<div class=\"has_eae_slider elementor-column elementor-col-33 elementor-top-column elementor-element elementor-element-17b3f356\" data-id=\"17b3f356\" data-element_type=\"column\">\n\t\t\t<div class=\"elementor-widget-wrap elementor-element-populated\">\n\t\t\t\t\t\t\t\t<section class=\"has_eae_slider elementor-section elementor-inner-section elementor-element elementor-element-7a702114 elementor-section-boxed elementor-section-height-default elementor-section-height-default\" data-id=\"7a702114\" data-element_type=\"section\">\n\t\t\t\t\t\t<div class=\"elementor-container elementor-column-gap-default\">\n\t\t\t\t\t<div data-wts-url=\"https:\/\/www2.amaerj.org.br\/premio\/regulamento\/\" data-wts-link=\"yes\" data-wts-new-window=\"\" class=\"has_eae_slider elementor-column elementor-col-100 elementor-inner-column elementor-element elementor-element-5b720460 ae-link-yes\" data-id=\"5b720460\" data-element_type=\"column\">\n\t\t\t<div class=\"elementor-widget-wrap\">\n\t\t\t\t\t\t\t\t\t<\/div>\n\t\t<\/div>\n\t\t\t\t\t\t\t<\/div>\n\t\t<\/section>\n\t\t\t\t<section class=\"has_eae_slider elementor-section elementor-inner-section elementor-element elementor-element-699c499e elementor-section-boxed elementor-section-height-default elementor-section-height-default\" data-id=\"699c499e\" data-element_type=\"section\">\n\t\t\t\t\t\t<div class=\"elementor-container elementor-column-gap-default\">\n\t\t\t\t\t<div data-wts-url=\"https:\/\/www2.amaerj.org.br\/premio\/apresentacao\/\" data-wts-link=\"yes\" data-wts-new-window=\"\" class=\"has_eae_slider elementor-column elementor-col-100 elementor-inner-column elementor-element elementor-element-52a60419 ae-link-yes\" data-id=\"52a60419\" data-element_type=\"column\">\n\t\t\t<div class=\"elementor-widget-wrap\">\n\t\t\t\t\t\t\t\t\t<\/div>\n\t\t<\/div>\n\t\t\t\t\t\t\t<\/div>\n\t\t<\/section>\n\t\t\t\t<section class=\"has_eae_slider elementor-section elementor-inner-section elementor-element elementor-element-1d16eb6 elementor-section-boxed elementor-section-height-default elementor-section-height-default\" data-id=\"1d16eb6\" data-element_type=\"section\">\n\t\t\t\t\t\t<div class=\"elementor-container elementor-column-gap-default\">\n\t\t\t\t\t<div data-wts-url=\"https:\/\/www2.amaerj.org.br\/premio\/categorias\/\" data-wts-link=\"yes\" data-wts-new-window=\"\" class=\"has_eae_slider elementor-column elementor-col-100 elementor-inner-column elementor-element elementor-element-f9b5014 ae-link-yes\" data-id=\"f9b5014\" data-element_type=\"column\">\n\t\t\t<div class=\"elementor-widget-wrap\">\n\t\t\t\t\t\t\t\t\t<\/div>\n\t\t<\/div>\n\t\t\t\t\t\t\t<\/div>\n\t\t<\/section>\n\t\t\t\t<section class=\"has_eae_slider elementor-section elementor-inner-section elementor-element elementor-element-280b129f elementor-section-boxed elementor-section-height-default elementor-section-height-default\" data-id=\"280b129f\" data-element_type=\"section\">\n\t\t\t\t\t\t<div class=\"elementor-container elementor-column-gap-default\">\n\t\t\t\t\t<div data-wts-url=\"https:\/\/www2.amaerj.org.br\/premio\/premiacoes\/\" data-wts-link=\"yes\" data-wts-new-window=\"\" class=\"has_eae_slider elementor-column elementor-col-100 elementor-inner-column elementor-element elementor-element-1542e47d ae-link-yes\" data-id=\"1542e47d\" data-element_type=\"column\">\n\t\t\t<div class=\"elementor-widget-wrap\">\n\t\t\t\t\t\t\t\t\t<\/div>\n\t\t<\/div>\n\t\t\t\t\t\t\t<\/div>\n\t\t<\/section>\n\t\t\t\t<section class=\"has_eae_slider elementor-section elementor-inner-section elementor-element elementor-element-3c1bc45 elementor-section-boxed elementor-section-height-default elementor-section-height-default\" data-id=\"3c1bc45\" data-element_type=\"section\">\n\t\t\t\t\t\t<div class=\"elementor-container elementor-column-gap-default\">\n\t\t\t\t\t<div data-wts-url=\"https:\/\/www2.amaerj.org.br\/premio\/comissao-julgadora\/\" data-wts-link=\"yes\" data-wts-new-window=\"\" class=\"has_eae_slider elementor-column elementor-col-100 elementor-inner-column elementor-element elementor-element-7fd8de4 ae-link-yes\" data-id=\"7fd8de4\" data-element_type=\"column\">\n\t\t\t<div class=\"elementor-widget-wrap\">\n\t\t\t\t\t\t\t\t\t<\/div>\n\t\t<\/div>\n\t\t\t\t\t\t\t<\/div>\n\t\t<\/section>\n\t\t\t\t<section class=\"has_eae_slider elementor-section elementor-inner-section elementor-element elementor-element-1761a468 elementor-section-boxed elementor-section-height-default elementor-section-height-default\" data-id=\"1761a468\" data-element_type=\"section\">\n\t\t\t\t\t\t<div class=\"elementor-container elementor-column-gap-default\">\n\t\t\t\t\t<div data-wts-url=\"https:\/\/www2.amaerj.org.br\/premio\/equipe\/\" data-wts-link=\"yes\" data-wts-new-window=\"\" class=\"has_eae_slider elementor-column elementor-col-100 elementor-inner-column elementor-element elementor-element-69cc398f ae-link-yes\" data-id=\"69cc398f\" data-element_type=\"column\">\n\t\t\t<div class=\"elementor-widget-wrap\">\n\t\t\t\t\t\t\t\t\t<\/div>\n\t\t<\/div>\n\t\t\t\t\t\t\t<\/div>\n\t\t<\/section>\n\t\t\t\t<section class=\"has_eae_slider elementor-section elementor-inner-section elementor-element elementor-element-39ed0dc4 elementor-section-boxed elementor-section-height-default elementor-section-height-default\" data-id=\"39ed0dc4\" data-element_type=\"section\">\n\t\t\t\t\t\t<div class=\"elementor-container elementor-column-gap-default\">\n\t\t\t\t\t<div data-wts-url=\"https:\/\/www2.amaerj.org.br\/premio\/edicoes-anteriores\/\" data-wts-link=\"yes\" data-wts-new-window=\"\" class=\"has_eae_slider elementor-column elementor-col-100 elementor-inner-column elementor-element elementor-element-573e231b ae-link-yes\" data-id=\"573e231b\" data-element_type=\"column\">\n\t\t\t<div class=\"elementor-widget-wrap\">\n\t\t\t\t\t\t\t\t\t<\/div>\n\t\t<\/div>\n\t\t\t\t\t\t\t<\/div>\n\t\t<\/section>\n\t\t\t\t<section class=\"has_eae_slider elementor-section elementor-inner-section elementor-element elementor-element-23338a6c elementor-section-boxed elementor-section-height-default elementor-section-height-default\" data-id=\"23338a6c\" data-element_type=\"section\">\n\t\t\t\t\t\t<div class=\"elementor-container elementor-column-gap-default\">\n\t\t\t\t\t<div data-wts-url=\"https:\/\/www2.amaerj.org.br\/premio\/patricia-acioli\/\" data-wts-link=\"yes\" data-wts-new-window=\"\" class=\"has_eae_slider elementor-column elementor-col-100 elementor-inner-column elementor-element elementor-element-353e0ac8 ae-link-yes\" data-id=\"353e0ac8\" data-element_type=\"column\">\n\t\t\t<div class=\"elementor-widget-wrap\">\n\t\t\t\t\t\t\t\t\t<\/div>\n\t\t<\/div>\n\t\t\t\t\t\t\t<\/div>\n\t\t<\/section>\n\t\t\t\t<section class=\"has_eae_slider elementor-section elementor-inner-section elementor-element elementor-element-88be4ed elementor-section-boxed elementor-section-height-default elementor-section-height-default\" data-id=\"88be4ed\" data-element_type=\"section\">\n\t\t\t\t\t\t<div class=\"elementor-container elementor-column-gap-default\">\n\t\t\t\t\t<div data-wts-url=\"https:\/\/www2.amaerj.org.br\/premio\/patricia-acioli\/\" data-wts-link=\"yes\" data-wts-new-window=\"\" class=\"has_eae_slider elementor-column elementor-col-100 elementor-inner-column elementor-element elementor-element-1dc6717 ae-link-yes\" data-id=\"1dc6717\" data-element_type=\"column\">\n\t\t\t<div class=\"elementor-widget-wrap\">\n\t\t\t\t\t\t\t\t\t<\/div>\n\t\t<\/div>\n\t\t\t\t\t\t\t<\/div>\n\t\t<\/section>\n\t\t\t\t\t<\/div>\n\t\t<\/div>\n\t\t\t\t\t\t\t<\/div>\n\t\t<\/section>\n\t\t\t\t\t\t\t<\/div>\n\t\t","protected":false},"excerpt":{"rendered":"<p>Foto: Frederico Rozario\/Ag\u00eancia O Globo\/VEJA Coragem e determina\u00e7\u00e3o foram marcas constantes do desempenho da ju\u00edza lembrada pelo Pr\u00eamio. Defensora dos Direitos Humanos, Patr\u00edcia Acioli mereceu o reconhecimento tanto de seus pares como de governantes pelo seu trabalho na conten\u00e7\u00e3o da viol\u00eancia policial e postura combativa diante da corrup\u00e7\u00e3o de agentes p\u00fablicos. Patr\u00edcia Acioli foi defensora [&hellip;]<\/p>\n","protected":false},"author":1,"featured_media":0,"parent":0,"menu_order":0,"comment_status":"closed","ping_status":"closed","template":"","meta":[],"_links":{"self":[{"href":"https:\/\/www2.amaerj.org.br\/premio\/wp-json\/wp\/v2\/pages\/4691"}],"collection":[{"href":"https:\/\/www2.amaerj.org.br\/premio\/wp-json\/wp\/v2\/pages"}],"about":[{"href":"https:\/\/www2.amaerj.org.br\/premio\/wp-json\/wp\/v2\/types\/page"}],"author":[{"embeddable":true,"href":"https:\/\/www2.amaerj.org.br\/premio\/wp-json\/wp\/v2\/users\/1"}],"replies":[{"embeddable":true,"href":"https:\/\/www2.amaerj.org.br\/premio\/wp-json\/wp\/v2\/comments?post=4691"}],"version-history":[{"count":10,"href":"https:\/\/www2.amaerj.org.br\/premio\/wp-json\/wp\/v2\/pages\/4691\/revisions"}],"predecessor-version":[{"id":4864,"href":"https:\/\/www2.amaerj.org.br\/premio\/wp-json\/wp\/v2\/pages\/4691\/revisions\/4864"}],"wp:attachment":[{"href":"https:\/\/www2.amaerj.org.br\/premio\/wp-json\/wp\/v2\/media?parent=4691"}],"curies":[{"name":"wp","href":"https:\/\/api.w.org\/{rel}","templated":true}]}}