{"id":4679,"date":"2021-04-28T17:56:15","date_gmt":"2021-04-28T20:56:15","guid":{"rendered":"http:\/\/www2.amaerj.org.br\/premio\/?page_id=4679"},"modified":"2026-03-30T18:05:13","modified_gmt":"2026-03-30T21:05:13","slug":"regulamento","status":"publish","type":"page","link":"https:\/\/www2.amaerj.org.br\/premio\/regulamento\/","title":{"rendered":"Regulamento"},"content":{"rendered":"<p>Trabalhos dos Magistrados, Pr\u00e1ticas Human\u00edsticas, Trabalhos Acad\u00eamicos e Reportagens Jornal\u00edsticas s\u00e3o as categorias do Pr\u00eamio AMAERJ de Direitos Humanos &#8211; Patr\u00edcia Acioli. Acesse abaixo o regulamento:<\/p>\n<p><Forte>\u2022 <a href=\"https:\/\/amaerj.org.br\/wp-content\/uploads\/2026\/03\/Regulamento-15o-Premio-AMAERJ-de-Direitos-Humanos-Patricia-Acioli.pdf\" target=\"_blank\" rel=\"noopener\">Regulamento do 15\u00ba Pr\u00eamio AMAERJ<\/a><\/Forte><\/p>\n","protected":false},"excerpt":{"rendered":"<p>Trabalhos dos Magistrados, Pr\u00e1ticas Human\u00edsticas, Trabalhos Acad\u00eamicos e Reportagens Jornal\u00edsticas s\u00e3o as categorias do Pr\u00eamio AMAERJ de Direitos Humanos &#8211; Patr\u00edcia Acioli. Acesse abaixo o regulamento: \u2022 Regulamento do 15\u00ba Pr\u00eamio AMAERJ<\/p>\n","protected":false},"author":1,"featured_media":0,"parent":0,"menu_order":0,"comment_status":"closed","ping_status":"closed","template":"","meta":[],"_links":{"self":[{"href":"https:\/\/www2.amaerj.org.br\/premio\/wp-json\/wp\/v2\/pages\/4679"}],"collection":[{"href":"https:\/\/www2.amaerj.org.br\/premio\/wp-json\/wp\/v2\/pages"}],"about":[{"href":"https:\/\/www2.amaerj.org.br\/premio\/wp-json\/wp\/v2\/types\/page"}],"author":[{"embeddable":true,"href":"https:\/\/www2.amaerj.org.br\/premio\/wp-json\/wp\/v2\/users\/1"}],"replies":[{"embeddable":true,"href":"https:\/\/www2.amaerj.org.br\/premio\/wp-json\/wp\/v2\/comments?post=4679"}],"version-history":[{"count":71,"href":"https:\/\/www2.amaerj.org.br\/premio\/wp-json\/wp\/v2\/pages\/4679\/revisions"}],"predecessor-version":[{"id":10624,"href":"https:\/\/www2.amaerj.org.br\/premio\/wp-json\/wp\/v2\/pages\/4679\/revisions\/10624"}],"wp:attachment":[{"href":"https:\/\/www2.amaerj.org.br\/premio\/wp-json\/wp\/v2\/media?parent=4679"}],"curies":[{"name":"wp","href":"https:\/\/api.w.org\/{rel}","templated":true}]}}